{"id":216289,"date":"2021-02-18T15:40:20","date_gmt":"2021-02-18T20:40:20","guid":{"rendered":"https:\/\/ramo.eco\/willow-supply\/"},"modified":"2025-10-28T09:59:51","modified_gmt":"2025-10-28T13:59:51","slug":"willow-supply","status":"publish","type":"page","link":"https:\/\/ramo.eco\/en\/willow-supply\/","title":{"rendered":"Willow supply"},"content":{"rendered":"<p>[et_pb_section fb_built=&#8221;1&#8243; custom_padding_last_edited=&#8221;off|desktop&#8221; module_class=&#8221;section-header&#8221; _builder_version=&#8221;4.22.0&#8243; background_color=&#8221;rgba(0,0,0,0.2)&#8221; background_image=&#8221;https:\/\/ramo.eco\/wp-content\/uploads\/2023\/02\/Saules_4-1-scaled.jpg&#8221; background_blend=&#8221;overlay&#8221; custom_padding_tablet=&#8221;90px||90px||true|false&#8221; custom_padding_phone=&#8221;90px||90px||true|false&#8221; global_colors_info=&#8221;{}&#8221;][et_pb_row module_class=&#8221;row-90 row-hero&#8221; _builder_version=&#8221;4.22.0&#8243; global_colors_info=&#8221;{}&#8221;][et_pb_column type=&#8221;4_4&#8243; _builder_version=&#8221;4.16&#8243; global_colors_info=&#8221;{}&#8221;][et_pb_text _builder_version=&#8221;4.22.0&#8243; _module_preset=&#8221;06b38576-22d5-414e-9d0a-69dd842cdae6&#8243; text_font=&#8221;||||||||&#8221; text_text_color=&#8221;#d3cbbf&#8221; header_text_align=&#8221;center&#8221; background_layout=&#8221;dark&#8221; text_font_size_tablet=&#8221;14px&#8221; text_font_size_last_edited=&#8221;off|desktop&#8221; border_color_all=&#8221;#003c38&#8243; global_colors_info=&#8221;{}&#8221;]<\/p>\n<h1>Willow supply<\/h1>\n<p>[\/et_pb_text][\/et_pb_column][\/et_pb_row][\/et_pb_section][et_pb_section fb_built=&#8221;1&#8243; _builder_version=&#8221;4.16&#8243; global_colors_info=&#8221;{}&#8221;][et_pb_row make_equal=&#8221;on&#8221; module_class=&#8221;row-90 row-titre&#8221; _builder_version=&#8221;4.22.0&#8243; module_alignment=&#8221;center&#8221; custom_margin=&#8221;0px|auto|6px|auto|false|false&#8221; custom_padding=&#8221;0px|0px|0px|0px||&#8221; global_colors_info=&#8221;{}&#8221;][et_pb_column type=&#8221;4_4&#8243; _builder_version=&#8221;4.22.0&#8243; background_color_gradient_direction=&#8221;35deg&#8221; global_colors_info=&#8221;{}&#8221; custom_padding__hover=&#8221;|||&#8221;][et_pb_text _builder_version=&#8221;4.22.0&#8243; _module_preset=&#8221;7660f10e-8120-44ff-a5bb-dd4020fbabd9&#8243; text_font=&#8221;||||||||&#8221; text_text_color=&#8221;rgba(0,0,0,0.4)&#8221; text_line_height=&#8221;1.9em&#8221; header_font=&#8221;||||||||&#8221; header_2_font=&#8221;||||||||&#8221; module_alignment=&#8221;center&#8221; custom_margin=&#8221;||30px|&#8221; global_colors_info=&#8221;{}&#8221;]<\/p>\n<h2>If you&#8217;re an individual looking to buy willow cuttings, go directly to the website of our partner Saules Qu\u00e9bec.<\/h2>\n<p>[\/et_pb_text][\/et_pb_column][\/et_pb_row][\/et_pb_section][et_pb_section fb_built=&#8221;1&#8243; custom_padding_last_edited=&#8221;on|phone&#8221; _builder_version=&#8221;4.25.1&#8243; _module_preset=&#8221;default&#8221; use_background_color_gradient=&#8221;on&#8221; background_color_gradient_stops=&#8221;rgba(0,60,56,0.58) 0%|rgba(0,60,56,0.58) 100%&#8221; background_color_gradient_overlays_image=&#8221;on&#8221; background_image=&#8221;https:\/\/ramo.eco\/wp-content\/uploads\/2024\/06\/panoramic-shot-field-with-green-trees-tall-branches-grass.jpg&#8221; custom_padding_tablet=&#8221;&#8221; custom_padding_phone=&#8221;15px||15px||true|false&#8221; global_colors_info=&#8221;{}&#8221; theme_builder_area=&#8221;post_content&#8221;][et_pb_row column_structure=&#8221;3_5,2_5&#8243; use_custom_gutter=&#8221;on&#8221; make_equal=&#8221;on&#8221; module_class=&#8221;row-90 row-solution&#8221; _builder_version=&#8221;4.25.1&#8243; _module_preset=&#8221;default&#8221; global_colors_info=&#8221;{}&#8221; theme_builder_area=&#8221;post_content&#8221;][et_pb_column type=&#8221;3_5&#8243; _builder_version=&#8221;4.25.1&#8243; _module_preset=&#8221;default&#8221; custom_css_main_element=&#8221;display: -webkit-box;||  display: -moz-box;||  display: -webkit-flex;||  display: -ms-flexbox;||  display: flex;||||-webkit-justify-content:center;||justify-content:center;||||-moz-flex-direction:column;||-ms-flex-direction:column;||-webkit-flex-direction:column;||flex-direction:column;&#8221; global_colors_info=&#8221;{}&#8221; theme_builder_area=&#8221;post_content&#8221;][et_pb_text _builder_version=&#8221;4.25.1&#8243; _module_preset=&#8221;3a1f9d3b-f724-4246-b58a-be19571038a8&#8243; header_3_text_color=&#8221;#FFFFFF&#8221; header_3_font_size=&#8221;30px&#8221; custom_margin_tablet=&#8221;||0px||false|false&#8221; custom_margin_phone=&#8221;&#8221; custom_margin_last_edited=&#8221;on|tablet&#8221; hover_enabled=&#8221;0&#8243; border_width_bottom=&#8221;0px&#8221; global_colors_info=&#8221;{}&#8221; theme_builder_area=&#8221;post_content&#8221; sticky_enabled=&#8221;0&#8243;]<\/p>\n<h3>If you are residents of Lanaudi\u00e8re, you can buy our cuttings at P\u00e9pini\u00e8re Excels<\/h3>\n<p>[\/et_pb_text][\/et_pb_column][et_pb_column type=&#8221;2_5&#8243; _builder_version=&#8221;4.25.1&#8243; _module_preset=&#8221;default&#8221; custom_css_main_element=&#8221;display: -webkit-box;||  display: -moz-box;||  display: -webkit-flex;||  display: -ms-flexbox;||  display: flex;||||-webkit-justify-content:center;||justify-content:center;||||-moz-flex-direction:column;||-ms-flex-direction:column;||-webkit-flex-direction:column;||flex-direction:column;&#8221; global_colors_info=&#8221;{}&#8221; theme_builder_area=&#8221;post_content&#8221;][et_pb_button button_url=&#8221;https:\/\/www.saulesquebec.com&#8221; button_text=&#8221;saulesqu\u00e9bec.com&#8221; _builder_version=&#8221;4.25.1&#8243; _module_preset=&#8221;e10788df-5b46-4ce3-8766-9c6705ee5e95&#8243; hover_enabled=&#8221;0&#8243; global_colors_info=&#8221;{}&#8221; theme_builder_area=&#8221;post_content&#8221; button_text_color=&#8221;#003E38&#8243; button_bg_color=&#8221;#FFFFFF&#8221; button_bg_enable_color=&#8221;on&#8221; button_border_color=&#8221;#FFFFFF&#8221; sticky_enabled=&#8221;0&#8243;][\/et_pb_button][\/et_pb_column][\/et_pb_row][\/et_pb_section][et_pb_section fb_built=&#8221;1&#8243; theme_builder_area=&#8221;post_content&#8221; _builder_version=&#8221;4.25.1&#8243; _module_preset=&#8221;default&#8221;][et_pb_row column_structure=&#8221;1_2,1_2&#8243; use_custom_gutter=&#8221;on&#8221; gutter_width=&#8221;2&#8243; make_equal=&#8221;on&#8221; module_class=&#8221;row-90 row-description&#8221; _builder_version=&#8221;4.22.0&#8243; module_alignment=&#8221;center&#8221; global_colors_info=&#8221;{}&#8221; theme_builder_area=&#8221;post_content&#8221;][et_pb_column type=&#8221;1_2&#8243; _builder_version=&#8221;4.22.0&#8243; background_color_gradient_direction=&#8221;35deg&#8221; custom_padding=&#8221;||||false|false&#8221; global_colors_info=&#8221;{}&#8221; custom_padding__hover=&#8221;|||&#8221; theme_builder_area=&#8221;post_content&#8221;][et_pb_text _builder_version=&#8221;4.22.0&#8243; _module_preset=&#8221;afc39c14-a8d6-48a2-ab4f-344b6491cc9a&#8221; text_text_color=&#8221;#231C1C&#8221; text_line_height=&#8221;1.4em&#8221; header_font=&#8221;||||||||&#8221; header_2_font=&#8221;||||||||&#8221; module_alignment=&#8221;center&#8221; custom_margin=&#8221;||30px|&#8221; global_colors_info=&#8221;{}&#8221; theme_builder_area=&#8221;post_content&#8221;]<\/p>\n<p><span>Whether it&#8217;s a project for <strong>bank stabilization<\/strong>, <strong>revegetation of degraded sites<\/strong>, implementation of <strong>riparian buffers<\/strong> or <strong>windbreak hedges<\/strong>, an <em>artistic project<\/em>, a <strong>decorative project<\/strong> or an <strong>industrial project<\/strong>, Ramo is the partner of choice. With over 30 varieties of shrub willows being grown on nearly 165 hectares of plantation, we can provide you with willows in all their forms to meet your needs.<\/span><\/p>\n<p>[\/et_pb_text][\/et_pb_column][et_pb_column type=&#8221;1_2&#8243; _builder_version=&#8221;4.22.0&#8243; background_enable_image=&#8221;off&#8221; custom_padding=&#8221;|0%||0%|false|true&#8221; global_colors_info=&#8221;{}&#8221; custom_padding__hover=&#8221;|||&#8221; theme_builder_area=&#8221;post_content&#8221;][et_pb_image src=&#8221;https:\/\/ramo.eco\/wp-content\/uploads\/2021\/03\/boutures-saule.png&#8221; title_text=&#8221;boutures saule&#8221; _builder_version=&#8221;4.22.0&#8243; _module_preset=&#8221;default&#8221; global_colors_info=&#8221;{}&#8221; theme_builder_area=&#8221;post_content&#8221;][\/et_pb_image][\/et_pb_column][\/et_pb_row][et_pb_row column_structure=&#8221;1_2,1_2&#8243; use_custom_gutter=&#8221;on&#8221; gutter_width=&#8221;2&#8243; make_equal=&#8221;on&#8221; module_class=&#8221;row-90 row-description&#8221; _builder_version=&#8221;4.22.0&#8243; module_alignment=&#8221;center&#8221; global_colors_info=&#8221;{}&#8221; theme_builder_area=&#8221;post_content&#8221;][et_pb_column type=&#8221;1_2&#8243; _builder_version=&#8221;4.22.0&#8243; background_enable_image=&#8221;off&#8221; custom_padding=&#8221;|0%||0%|false|true&#8221; global_colors_info=&#8221;{}&#8221; custom_padding__hover=&#8221;|||&#8221; theme_builder_area=&#8221;post_content&#8221;][et_pb_image src=&#8221;https:\/\/ramo.eco\/wp-content\/uploads\/2021\/03\/Plantation-saule.png&#8221; title_text=&#8221;Plantation saule&#8221; _builder_version=&#8221;4.22.0&#8243; _module_preset=&#8221;default&#8221; global_colors_info=&#8221;{}&#8221; theme_builder_area=&#8221;post_content&#8221;][\/et_pb_image][\/et_pb_column][et_pb_column type=&#8221;1_2&#8243; _builder_version=&#8221;4.22.0&#8243; background_color_gradient_direction=&#8221;35deg&#8221; custom_padding=&#8221;||||false|false&#8221; global_colors_info=&#8221;{}&#8221; custom_padding__hover=&#8221;|||&#8221; theme_builder_area=&#8221;post_content&#8221;][et_pb_text _builder_version=&#8221;4.22.0&#8243; _module_preset=&#8221;afc39c14-a8d6-48a2-ab4f-344b6491cc9a&#8221; text_text_color=&#8221;#231C1C&#8221; text_line_height=&#8221;1.4em&#8221; header_font=&#8221;||||||||&#8221; header_2_font=&#8221;||||||||&#8221; module_alignment=&#8221;center&#8221; custom_margin=&#8221;||30px|&#8221; global_colors_info=&#8221;{}&#8221; theme_builder_area=&#8221;post_content&#8221;]<\/p>\n<p><span>Ramo has been a specialist in willow cultivation since 2006. For plant engineering projects, the willows are mechanically harvested in autumn, and the stems are kept dormant in cold storage until they are ready to be transported to the worksite.<\/span><\/p>\n<p>[\/et_pb_text][\/et_pb_column][\/et_pb_row][et_pb_row column_structure=&#8221;1_2,1_2&#8243; make_equal=&#8221;on&#8221; module_class=&#8221;row-90 row-description&#8221; _builder_version=&#8221;4.22.0&#8243; module_alignment=&#8221;center&#8221; global_colors_info=&#8221;{}&#8221; theme_builder_area=&#8221;post_content&#8221;][et_pb_column type=&#8221;1_2&#8243; _builder_version=&#8221;4.22.0&#8243; background_color_gradient_direction=&#8221;35deg&#8221; custom_padding=&#8221;||||false|false&#8221; global_colors_info=&#8221;{}&#8221; custom_padding__hover=&#8221;|||&#8221; theme_builder_area=&#8221;post_content&#8221;][et_pb_text _builder_version=&#8221;4.22.0&#8243; _module_preset=&#8221;afc39c14-a8d6-48a2-ab4f-344b6491cc9a&#8221; text_text_color=&#8221;#231C1C&#8221; text_line_height=&#8221;1.4em&#8221; header_font=&#8221;||||||||&#8221; header_2_font=&#8221;||||||||&#8221; module_alignment=&#8221;center&#8221; custom_margin=&#8221;||30px|&#8221; custom_margin_tablet=&#8221;||0px||false|false&#8221; custom_margin_phone=&#8221;||0px||false|false&#8221; custom_margin_last_edited=&#8221;on|tablet&#8221; global_colors_info=&#8221;{}&#8221; theme_builder_area=&#8221;post_content&#8221;]<\/p>\n<p><strong>Our products:<\/strong><\/p>\n<p><\/p>\n<p>Cuttings (20 cm and +)<br \/><span>Willow stakes for wattles, fascines, and other uses (0 to 4 m)<\/span><br \/>Bundles (variable dimensions)<br \/>Potted plants (1 gal.)<\/p>\n<p><\/p>\n<p>Stakes of all sizes (multiple diameters available)<\/p>\n<p><\/p>\n<p>&nbsp;<\/p>\n<p>[\/et_pb_text][\/et_pb_column][et_pb_column type=&#8221;1_2&#8243; _builder_version=&#8221;4.22.0&#8243; background_enable_image=&#8221;off&#8221; custom_padding=&#8221;||||false|false&#8221; global_colors_info=&#8221;{}&#8221; custom_padding__hover=&#8221;|||&#8221; theme_builder_area=&#8221;post_content&#8221;][et_pb_image src=&#8221;https:\/\/ramo.eco\/wp-content\/uploads\/2021\/02\/Boutures-Montreal-scaled.jpg&#8221; title_text=&#8221;Boutures Montreal&#8221; _builder_version=&#8221;4.22.0&#8243; _module_preset=&#8221;default&#8221; global_colors_info=&#8221;{}&#8221; theme_builder_area=&#8221;post_content&#8221;][\/et_pb_image][\/et_pb_column][\/et_pb_row][et_pb_row column_structure=&#8221;1_2,1_2&#8243; make_equal=&#8221;on&#8221; module_class=&#8221;row-90 row-description&#8221; _builder_version=&#8221;4.22.0&#8243; module_alignment=&#8221;center&#8221; global_colors_info=&#8221;{}&#8221; theme_builder_area=&#8221;post_content&#8221;][et_pb_column type=&#8221;1_2&#8243; _builder_version=&#8221;4.22.0&#8243; background_enable_image=&#8221;off&#8221; custom_padding=&#8221;||||false|false&#8221; global_colors_info=&#8221;{}&#8221; custom_padding__hover=&#8221;|||&#8221; theme_builder_area=&#8221;post_content&#8221;][et_pb_image src=&#8221;https:\/\/ramo.eco\/wp-content\/uploads\/2023\/02\/Close-Ties-1280.jpg&#8221; title_text=&#8221;Close-Ties-1280&#8243; _builder_version=&#8221;4.22.0&#8243; _module_preset=&#8221;default&#8221; global_colors_info=&#8221;{}&#8221; theme_builder_area=&#8221;post_content&#8221;][\/et_pb_image][\/et_pb_column][et_pb_column type=&#8221;1_2&#8243; _builder_version=&#8221;4.22.0&#8243; background_color_gradient_direction=&#8221;35deg&#8221; custom_padding=&#8221;||||false|false&#8221; global_colors_info=&#8221;{}&#8221; custom_padding__hover=&#8221;|||&#8221; theme_builder_area=&#8221;post_content&#8221;][et_pb_text _builder_version=&#8221;4.22.0&#8243; _module_preset=&#8221;afc39c14-a8d6-48a2-ab4f-344b6491cc9a&#8221; text_text_color=&#8221;#231C1C&#8221; text_line_height=&#8221;1.4em&#8221; header_font=&#8221;||||||||&#8221; header_2_font=&#8221;||||||||&#8221; module_alignment=&#8221;center&#8221; custom_margin=&#8221;||30px|&#8221; global_colors_info=&#8221;{}&#8221; theme_builder_area=&#8221;post_content&#8221;]<\/p>\n<p><strong>Our native varieties:<\/strong><br \/><span>\u2013 Salix interior<\/span><\/p>\n<p><\/p>\n<p><span style=\"font-size: 16px;\"><span>\u2013 Salix eriocephala<\/span><\/span><\/p>\n<p><\/p>\n<p><span style=\"font-size: 16px;\"><span>\u2013 Salix discolor<\/span> <\/span><span><\/span><\/p>\n<p>[\/et_pb_text][\/et_pb_column][\/et_pb_row][et_pb_row module_class=&#8221;row-90 row-description&#8221; _builder_version=&#8221;4.22.0&#8243; _module_preset=&#8221;default&#8221; global_colors_info=&#8221;{}&#8221; theme_builder_area=&#8221;post_content&#8221;][et_pb_column type=&#8221;4_4&#8243; _builder_version=&#8221;4.16&#8243; _module_preset=&#8221;default&#8221; global_colors_info=&#8221;{}&#8221; theme_builder_area=&#8221;post_content&#8221;][et_pb_text _builder_version=&#8221;4.22.0&#8243; _module_preset=&#8221;3a1f9d3b-f724-4246-b58a-be19571038a8&#8243; link_text_color=&#8221;#003E38&#8243; header_3_text_align=&#8221;center&#8221; header_3_text_color=&#8221;#231C1C&#8221; header_3_line_height=&#8221;1.4em&#8221; border_width_bottom=&#8221;0px&#8221; global_colors_info=&#8221;{}&#8221; link_text_color__hover_enabled=&#8221;on|hover&#8221; link_text_color__hover=&#8221;#231C1C&#8221; theme_builder_area=&#8221;post_content&#8221;]<\/p>\n<h3>Ramo sells exclusively to professional clients.<br \/>\nFor all inquiries: <a href=\"mailto:info@ramo.eco\">info@ramo.eco<\/a><\/h3>\n<p>[\/et_pb_text][\/et_pb_column][\/et_pb_row][\/et_pb_section]<\/p>\n","protected":false},"excerpt":{"rendered":"<p>Willow supplyIf you&#8217;re an individual looking to buy willow cuttings, go directly to the website of our partner Saules Qu\u00e9bec.If you are residents of Lanaudi\u00e8re, you can buy our cuttings at P\u00e9pini\u00e8re ExcelsWhether it&#8217;s a project for bank stabilization, revegetation of degraded sites, implementation of riparian buffers or windbreak hedges, an artistic project, a decorative [&hellip;]<\/p>\n","protected":false},"author":10,"featured_media":215102,"parent":0,"menu_order":0,"comment_status":"closed","ping_status":"closed","template":"","meta":{"_acf_changed":false,"_et_pb_use_builder":"on","_et_pb_old_content":"","_et_gb_content_width":"","footnotes":""},"dipi_cpt_category":[],"class_list":["post-216289","page","type-page","status-publish","has-post-thumbnail","hentry"],"acf":[],"yoast_head":"<!-- This site is optimized with the Yoast SEO plugin v27.5 - https:\/\/yoast.com\/product\/yoast-seo-wordpress\/ -->\n<title>Willow supply : willow in all its forms | Ramo<\/title>\n<meta name=\"description\" content=\"Bank stabilization, revegetation of degraded sites, planting of riparian strips or windbreaks...\" \/>\n<meta name=\"robots\" content=\"index, follow, max-snippet:-1, max-image-preview:large, max-video-preview:-1\" \/>\n<link rel=\"canonical\" href=\"https:\/\/ramo.eco\/en\/willow-supply\/\" \/>\n<meta property=\"og:locale\" content=\"en_US\" \/>\n<meta property=\"og:type\" content=\"article\" \/>\n<meta property=\"og:title\" content=\"Willow supply : willow in all its forms | Ramo\" \/>\n<meta property=\"og:description\" content=\"Bank stabilization, revegetation of degraded sites, planting of riparian strips or windbreaks...\" \/>\n<meta property=\"og:url\" content=\"https:\/\/ramo.eco\/en\/willow-supply\/\" \/>\n<meta property=\"og:site_name\" content=\"Ramo\" \/>\n<meta property=\"article:publisher\" content=\"https:\/\/www.facebook.com\/ramo.eco\" \/>\n<meta property=\"article:modified_time\" content=\"2025-10-28T13:59:51+00:00\" \/>\n<meta property=\"og:image\" content=\"https:\/\/ramo.eco\/wp-content\/uploads\/2021\/02\/Genie-Vegetal-scaled.jpg\" \/>\n\t<meta property=\"og:image:width\" content=\"2560\" \/>\n\t<meta property=\"og:image:height\" content=\"1920\" \/>\n\t<meta property=\"og:image:type\" content=\"image\/jpeg\" \/>\n<meta name=\"twitter:card\" content=\"summary_large_image\" \/>\n<meta name=\"twitter:label1\" content=\"Est. reading time\" \/>\n\t<meta name=\"twitter:data1\" content=\"8 minutes\" \/>\n<script type=\"application\/ld+json\" class=\"yoast-schema-graph\">{\"@context\":\"https:\\\/\\\/schema.org\",\"@graph\":[{\"@type\":\"WebPage\",\"@id\":\"https:\\\/\\\/ramo.eco\\\/en\\\/willow-supply\\\/\",\"url\":\"https:\\\/\\\/ramo.eco\\\/en\\\/willow-supply\\\/\",\"name\":\"Willow supply : willow in all its forms | Ramo\",\"isPartOf\":{\"@id\":\"https:\\\/\\\/ramo.eco\\\/en\\\/#website\"},\"primaryImageOfPage\":{\"@id\":\"https:\\\/\\\/ramo.eco\\\/en\\\/willow-supply\\\/#primaryimage\"},\"image\":{\"@id\":\"https:\\\/\\\/ramo.eco\\\/en\\\/willow-supply\\\/#primaryimage\"},\"thumbnailUrl\":\"https:\\\/\\\/ramo.eco\\\/wp-content\\\/uploads\\\/2021\\\/02\\\/Genie-Vegetal-scaled.jpg\",\"datePublished\":\"2021-02-18T20:40:20+00:00\",\"dateModified\":\"2025-10-28T13:59:51+00:00\",\"description\":\"Bank stabilization, revegetation of degraded sites, planting of riparian strips or windbreaks...\",\"breadcrumb\":{\"@id\":\"https:\\\/\\\/ramo.eco\\\/en\\\/willow-supply\\\/#breadcrumb\"},\"inLanguage\":\"en-US\",\"potentialAction\":[{\"@type\":\"ReadAction\",\"target\":[\"https:\\\/\\\/ramo.eco\\\/en\\\/willow-supply\\\/\"]}]},{\"@type\":\"ImageObject\",\"inLanguage\":\"en-US\",\"@id\":\"https:\\\/\\\/ramo.eco\\\/en\\\/willow-supply\\\/#primaryimage\",\"url\":\"https:\\\/\\\/ramo.eco\\\/wp-content\\\/uploads\\\/2021\\\/02\\\/Genie-Vegetal-scaled.jpg\",\"contentUrl\":\"https:\\\/\\\/ramo.eco\\\/wp-content\\\/uploads\\\/2021\\\/02\\\/Genie-Vegetal-scaled.jpg\",\"width\":2560,\"height\":1920},{\"@type\":\"BreadcrumbList\",\"@id\":\"https:\\\/\\\/ramo.eco\\\/en\\\/willow-supply\\\/#breadcrumb\",\"itemListElement\":[{\"@type\":\"ListItem\",\"position\":1,\"name\":\"Accueil\",\"item\":\"https:\\\/\\\/ramo.eco\\\/en\\\/\"},{\"@type\":\"ListItem\",\"position\":2,\"name\":\"Willow supply\"}]},{\"@type\":\"WebSite\",\"@id\":\"https:\\\/\\\/ramo.eco\\\/en\\\/#website\",\"url\":\"https:\\\/\\\/ramo.eco\\\/en\\\/\",\"name\":\"Ramo\",\"description\":\"\",\"publisher\":{\"@id\":\"https:\\\/\\\/ramo.eco\\\/en\\\/#organization\"},\"potentialAction\":[{\"@type\":\"SearchAction\",\"target\":{\"@type\":\"EntryPoint\",\"urlTemplate\":\"https:\\\/\\\/ramo.eco\\\/en\\\/?s={search_term_string}\"},\"query-input\":{\"@type\":\"PropertyValueSpecification\",\"valueRequired\":true,\"valueName\":\"search_term_string\"}}],\"inLanguage\":\"en-US\"},{\"@type\":\"Organization\",\"@id\":\"https:\\\/\\\/ramo.eco\\\/en\\\/#organization\",\"name\":\"Ramo\",\"url\":\"https:\\\/\\\/ramo.eco\\\/en\\\/\",\"logo\":{\"@type\":\"ImageObject\",\"inLanguage\":\"en-US\",\"@id\":\"https:\\\/\\\/ramo.eco\\\/en\\\/#\\\/schema\\\/logo\\\/image\\\/\",\"url\":\"https:\\\/\\\/ramo.eco\\\/wp-content\\\/uploads\\\/2021\\\/07\\\/ramo.png\",\"contentUrl\":\"https:\\\/\\\/ramo.eco\\\/wp-content\\\/uploads\\\/2021\\\/07\\\/ramo.png\",\"width\":194,\"height\":40,\"caption\":\"Ramo\"},\"image\":{\"@id\":\"https:\\\/\\\/ramo.eco\\\/en\\\/#\\\/schema\\\/logo\\\/image\\\/\"},\"sameAs\":[\"https:\\\/\\\/www.facebook.com\\\/ramo.eco\",\"https:\\\/\\\/www.linkedin.com\\\/company\\\/ramea-phytotechnologies\"]}]}<\/script>\n<!-- \/ Yoast SEO plugin. -->","yoast_head_json":{"title":"Willow supply : willow in all its forms | Ramo","description":"Bank stabilization, revegetation of degraded sites, planting of riparian strips or windbreaks...","robots":{"index":"index","follow":"follow","max-snippet":"max-snippet:-1","max-image-preview":"max-image-preview:large","max-video-preview":"max-video-preview:-1"},"canonical":"https:\/\/ramo.eco\/en\/willow-supply\/","og_locale":"en_US","og_type":"article","og_title":"Willow supply : willow in all its forms | Ramo","og_description":"Bank stabilization, revegetation of degraded sites, planting of riparian strips or windbreaks...","og_url":"https:\/\/ramo.eco\/en\/willow-supply\/","og_site_name":"Ramo","article_publisher":"https:\/\/www.facebook.com\/ramo.eco","article_modified_time":"2025-10-28T13:59:51+00:00","og_image":[{"width":2560,"height":1920,"url":"https:\/\/ramo.eco\/wp-content\/uploads\/2021\/02\/Genie-Vegetal-scaled.jpg","type":"image\/jpeg"}],"twitter_card":"summary_large_image","twitter_misc":{"Est. reading time":"8 minutes"},"schema":{"@context":"https:\/\/schema.org","@graph":[{"@type":"WebPage","@id":"https:\/\/ramo.eco\/en\/willow-supply\/","url":"https:\/\/ramo.eco\/en\/willow-supply\/","name":"Willow supply : willow in all its forms | Ramo","isPartOf":{"@id":"https:\/\/ramo.eco\/en\/#website"},"primaryImageOfPage":{"@id":"https:\/\/ramo.eco\/en\/willow-supply\/#primaryimage"},"image":{"@id":"https:\/\/ramo.eco\/en\/willow-supply\/#primaryimage"},"thumbnailUrl":"https:\/\/ramo.eco\/wp-content\/uploads\/2021\/02\/Genie-Vegetal-scaled.jpg","datePublished":"2021-02-18T20:40:20+00:00","dateModified":"2025-10-28T13:59:51+00:00","description":"Bank stabilization, revegetation of degraded sites, planting of riparian strips or windbreaks...","breadcrumb":{"@id":"https:\/\/ramo.eco\/en\/willow-supply\/#breadcrumb"},"inLanguage":"en-US","potentialAction":[{"@type":"ReadAction","target":["https:\/\/ramo.eco\/en\/willow-supply\/"]}]},{"@type":"ImageObject","inLanguage":"en-US","@id":"https:\/\/ramo.eco\/en\/willow-supply\/#primaryimage","url":"https:\/\/ramo.eco\/wp-content\/uploads\/2021\/02\/Genie-Vegetal-scaled.jpg","contentUrl":"https:\/\/ramo.eco\/wp-content\/uploads\/2021\/02\/Genie-Vegetal-scaled.jpg","width":2560,"height":1920},{"@type":"BreadcrumbList","@id":"https:\/\/ramo.eco\/en\/willow-supply\/#breadcrumb","itemListElement":[{"@type":"ListItem","position":1,"name":"Accueil","item":"https:\/\/ramo.eco\/en\/"},{"@type":"ListItem","position":2,"name":"Willow supply"}]},{"@type":"WebSite","@id":"https:\/\/ramo.eco\/en\/#website","url":"https:\/\/ramo.eco\/en\/","name":"Ramo","description":"","publisher":{"@id":"https:\/\/ramo.eco\/en\/#organization"},"potentialAction":[{"@type":"SearchAction","target":{"@type":"EntryPoint","urlTemplate":"https:\/\/ramo.eco\/en\/?s={search_term_string}"},"query-input":{"@type":"PropertyValueSpecification","valueRequired":true,"valueName":"search_term_string"}}],"inLanguage":"en-US"},{"@type":"Organization","@id":"https:\/\/ramo.eco\/en\/#organization","name":"Ramo","url":"https:\/\/ramo.eco\/en\/","logo":{"@type":"ImageObject","inLanguage":"en-US","@id":"https:\/\/ramo.eco\/en\/#\/schema\/logo\/image\/","url":"https:\/\/ramo.eco\/wp-content\/uploads\/2021\/07\/ramo.png","contentUrl":"https:\/\/ramo.eco\/wp-content\/uploads\/2021\/07\/ramo.png","width":194,"height":40,"caption":"Ramo"},"image":{"@id":"https:\/\/ramo.eco\/en\/#\/schema\/logo\/image\/"},"sameAs":["https:\/\/www.facebook.com\/ramo.eco","https:\/\/www.linkedin.com\/company\/ramea-phytotechnologies"]}]}},"_links":{"self":[{"href":"https:\/\/ramo.eco\/en\/wp-json\/wp\/v2\/pages\/216289","targetHints":{"allow":["GET"]}}],"collection":[{"href":"https:\/\/ramo.eco\/en\/wp-json\/wp\/v2\/pages"}],"about":[{"href":"https:\/\/ramo.eco\/en\/wp-json\/wp\/v2\/types\/page"}],"author":[{"embeddable":true,"href":"https:\/\/ramo.eco\/en\/wp-json\/wp\/v2\/users\/10"}],"replies":[{"embeddable":true,"href":"https:\/\/ramo.eco\/en\/wp-json\/wp\/v2\/comments?post=216289"}],"version-history":[{"count":3,"href":"https:\/\/ramo.eco\/en\/wp-json\/wp\/v2\/pages\/216289\/revisions"}],"predecessor-version":[{"id":218990,"href":"https:\/\/ramo.eco\/en\/wp-json\/wp\/v2\/pages\/216289\/revisions\/218990"}],"wp:featuredmedia":[{"embeddable":true,"href":"https:\/\/ramo.eco\/en\/wp-json\/wp\/v2\/media\/215102"}],"wp:attachment":[{"href":"https:\/\/ramo.eco\/en\/wp-json\/wp\/v2\/media?parent=216289"}],"wp:term":[{"taxonomy":"dipi_cpt_category","embeddable":true,"href":"https:\/\/ramo.eco\/en\/wp-json\/wp\/v2\/dipi_cpt_category?post=216289"}],"curies":[{"name":"wp","href":"https:\/\/api.w.org\/{rel}","templated":true}]}}